{"id":2268,"date":"2019-12-06T20:58:32","date_gmt":"2019-12-06T20:58:32","guid":{"rendered":"https:\/\/www.sandamiano.store\/store\/?page_id=2268"},"modified":"2022-08-13T12:04:41","modified_gmt":"2022-08-13T12:04:41","slug":"san-damiano","status":"publish","type":"page","link":"https:\/\/www.sandamiano.store\/store\/san-damiano\/","title":{"rendered":"San Damiano"},"content":{"rendered":"<p><b><i>La Madonna delle Rose\u00a0<\/i><\/b><b><i>e l&#8217;acqua miracolosa<\/i><\/b><\/p>\n<p>San Damiano Piacentino \u00e8 un luogo straordinario dove, per quasi vent&#8217;anni, \u00e8 apparsa la Madonna.<span class=\"Apple-converted-space\">\u00a0<\/span><\/p>\n<p>Ogni anno migliaia di pellegrini, provenienti da ogni parte del mondo, vi si recano in pellegrinaggio per chiedere grazie, bere l&#8217;acqua della sorgente miracolosa ed onorare la Madonna delle Rose.<\/p>\n<p>Le visioni della Vergine ebbero inizio il 16 ottobre 1964, quando la Madre Divina apparve alla contadina Rosa Buzzini Quattrini, sopra un pero del giardino. Al termine dell&#8217;apparizione, l&#8217;albero, gi\u00e0 carico di frutti, d&#8217;improvviso fior\u00ec prodigiosamente. La notizia di questo evento si sparse presto in tutta la zona: da allora cominciarono ad arrivare gruppi sempre pi\u00f9 numerosi di pellegrini.<\/p>\n<p>Fino al termine della sua vita mortale, avvenuto nel 1981, la veggente fu visitata dalla Vergine &#8211; che assunse il titolo di <b><i>Madonna delle Rose<\/i><\/b> &#8211; tutti i venerd\u00ec, ed in occasione delle pi\u00f9 importanti feste dell&#8217;anno. Ricevette cos\u00ec un inestimabile numero di messaggi di altissimo valore spirituale, rivolti all&#8217;intera l&#8217;umanit\u00e0.<\/p>\n<p>Durante le apparizioni, la Vergine concedette numerose grazie, di ordine spirituale e materiale, che hanno continuato a manifestarsi in tutti questi cinquant&#8217;anni e anche tutt&#8217;oggi. Ne sono testimonianza le innumerevoli targhe <i>ex-voto<\/i> di ringraziamento che sono appese nel Giardino delle Preghiere.<\/p>\n<p>Si sono anche verificati fenomeni celesti prodigiosi, come il segno nel cielo del 1971: l&#8217;immagine della Madonna apparve con l&#8217;aspetto di una luce luminosissima. Questo evento inspiegabile, gi\u00e0 accaduto a Lourdes, \u00e8 stato fotografato e testimoniato da tutti i presenti. <span class=\"Apple-converted-space\">\u00a0<\/span><\/p>\n<p>Dal 1964 ad oggi, pellegrini di ogni nazionalit\u00e0 si recano ogni anno a San Damiano Piacentino per omaggiare la Madonna delle Rose.<span class=\"Apple-converted-space\">\u00a0<\/span><\/p>\n<p>Una visita in questo luogo meraviglioso \u00e8 un&#8217;esperienza spirituale unica.<\/p>\n<p>Nella quiete e nel silenzio del Piccolo Giardino di Paradiso, la presenza di Dio \u00e8 tangibile e lascia davvero incantati. E&#8217; anche possibile bere dalla sorgente di acqua miracolosa e portarla a casa per i propri cari.<\/p>\n<p>Come dicono le migliaia di visitatori che vi si recano ogni anno, <b><i>un viaggio a San Damiano Piacentino resta nel cuore per sempre.<\/i><\/b><\/p>\n<p>Per saperne di pi\u00f9:<\/p>\n<p><strong><a href=\"http:\/\/www.sandamiano.info\/site\/\">San Damiano Info<\/a><\/strong><\/p>\n","protected":false},"excerpt":{"rendered":"<p>La Madonna delle Rose\u00a0e l&#8217;acqua miracolosa San Damiano Piacentino \u00e8 un luogo straordinario dove, per quasi vent&#8217;anni, \u00e8 apparsa la Madonna.\u00a0 Ogni anno migliaia di pellegrini, provenienti da ogni parte del mondo, vi si recano in pellegrinaggio per chiedere grazie, bere l&#8217;acqua della sorgente miracolosa ed onorare la Madonna delle Rose. Le visioni della Vergine [&hellip;]<\/p>\n","protected":false},"author":1,"featured_media":0,"parent":0,"menu_order":0,"comment_status":"closed","ping_status":"closed","template":"","meta":{"_monsterinsights_skip_tracking":false,"_monsterinsights_sitenote_active":false,"_monsterinsights_sitenote_note":"","_monsterinsights_sitenote_category":0,"footnotes":""},"class_list":["post-2268","page","type-page","status-publish","hentry"],"_links":{"self":[{"href":"https:\/\/www.sandamiano.store\/store\/wp-json\/wp\/v2\/pages\/2268","targetHints":{"allow":["GET"]}}],"collection":[{"href":"https:\/\/www.sandamiano.store\/store\/wp-json\/wp\/v2\/pages"}],"about":[{"href":"https:\/\/www.sandamiano.store\/store\/wp-json\/wp\/v2\/types\/page"}],"author":[{"embeddable":true,"href":"https:\/\/www.sandamiano.store\/store\/wp-json\/wp\/v2\/users\/1"}],"replies":[{"embeddable":true,"href":"https:\/\/www.sandamiano.store\/store\/wp-json\/wp\/v2\/comments?post=2268"}],"version-history":[{"count":3,"href":"https:\/\/www.sandamiano.store\/store\/wp-json\/wp\/v2\/pages\/2268\/revisions"}],"predecessor-version":[{"id":3786,"href":"https:\/\/www.sandamiano.store\/store\/wp-json\/wp\/v2\/pages\/2268\/revisions\/3786"}],"wp:attachment":[{"href":"https:\/\/www.sandamiano.store\/store\/wp-json\/wp\/v2\/media?parent=2268"}],"curies":[{"name":"wp","href":"https:\/\/api.w.org\/{rel}","templated":true}]}}