{"id":2662,"date":"2021-03-06T21:29:58","date_gmt":"2021-03-06T21:29:58","guid":{"rendered":"https:\/\/www.sandamiano.store\/store\/prodotto\/creche-presentee-sur-un-tronc-avec-rois-mages-peinte-a-la-main-en-resine-longueur-18-cm-a-poser-sur-un-support\/"},"modified":"2021-03-06T21:34:15","modified_gmt":"2021-03-06T21:34:15","slug":"creche-presentee-sur-un-tronc-avec-rois-mages-peinte-a-la-main-en-resine-longueur-18-cm-a-poser-sur-un-support","status":"publish","type":"product","link":"https:\/\/www.sandamiano.store\/store\/prodotto\/creche-presentee-sur-un-tronc-avec-rois-mages-peinte-a-la-main-en-resine-longueur-18-cm-a-poser-sur-un-support\/?lang=fr","title":{"rendered":"Cr\u00e8che peinte \u00e0 la main a poser sur un support cm 18"},"content":{"rendered":"","protected":false},"excerpt":{"rendered":"<p>Cr\u00e8che pr\u00e9sent\u00e9e sur un tronc avec Rois Mages peinte \u00e0 la main, en r\u00e9sine longueur 18 cm. A poser sur un support<\/p>\n","protected":false},"featured_media":2663,"template":"","meta":{"_monsterinsights_skip_tracking":false,"_monsterinsights_sitenote_active":false,"_monsterinsights_sitenote_note":"","_monsterinsights_sitenote_category":0},"product_brand":[],"product_cat":[59],"product_tag":[],"class_list":{"0":"post-2662","1":"product","2":"type-product","3":"status-publish","4":"has-post-thumbnail","6":"product_cat-angeli-e-nativita-fr","8":"first","9":"instock","10":"taxable","11":"shipping-taxable","12":"purchasable","13":"product-type-simple"},"_links":{"self":[{"href":"https:\/\/www.sandamiano.store\/store\/wp-json\/wp\/v2\/product\/2662","targetHints":{"allow":["GET"]}}],"collection":[{"href":"https:\/\/www.sandamiano.store\/store\/wp-json\/wp\/v2\/product"}],"about":[{"href":"https:\/\/www.sandamiano.store\/store\/wp-json\/wp\/v2\/types\/product"}],"wp:featuredmedia":[{"embeddable":true,"href":"https:\/\/www.sandamiano.store\/store\/wp-json\/wp\/v2\/media\/2663"}],"wp:attachment":[{"href":"https:\/\/www.sandamiano.store\/store\/wp-json\/wp\/v2\/media?parent=2662"}],"wp:term":[{"taxonomy":"product_brand","embeddable":true,"href":"https:\/\/www.sandamiano.store\/store\/wp-json\/wp\/v2\/product_brand?post=2662"},{"taxonomy":"product_cat","embeddable":true,"href":"https:\/\/www.sandamiano.store\/store\/wp-json\/wp\/v2\/product_cat?post=2662"},{"taxonomy":"product_tag","embeddable":true,"href":"https:\/\/www.sandamiano.store\/store\/wp-json\/wp\/v2\/product_tag?post=2662"}],"curies":[{"name":"wp","href":"https:\/\/api.w.org\/{rel}","templated":true}]}}