{"id":2705,"date":"2021-03-20T08:53:21","date_gmt":"2021-03-20T08:53:21","guid":{"rendered":"https:\/\/www.sandamiano.store\/store\/prodotto\/lanterne-creche-lumineuse-a-suspendre-ou-a-poser-cm-6\/"},"modified":"2021-03-20T09:00:50","modified_gmt":"2021-03-20T09:00:50","slug":"lanterne-creche-lumineuse-a-suspendre-ou-a-poser-cm-6","status":"publish","type":"product","link":"https:\/\/www.sandamiano.store\/store\/prodotto\/lanterne-creche-lumineuse-a-suspendre-ou-a-poser-cm-6\/?lang=fr","title":{"rendered":"Lanterne Cr\u00e8che lumineuse \u00e0 suspendre ou \u00e0 poser cm 6"},"content":{"rendered":"","protected":false},"excerpt":{"rendered":"<p>Lanterne Cr\u00e8che lumineuse \u00e0 suspendre ou \u00e0 poser cm 6<br \/>\nA lumi\u00e8re chaude.<br \/>\nLes piles sont comprises.<\/p>\n","protected":false},"featured_media":2706,"template":"","meta":{"_monsterinsights_skip_tracking":false,"_monsterinsights_sitenote_active":false,"_monsterinsights_sitenote_note":"","_monsterinsights_sitenote_category":0},"product_brand":[],"product_cat":[59],"product_tag":[],"class_list":{"0":"post-2705","1":"product","2":"type-product","3":"status-publish","4":"has-post-thumbnail","6":"product_cat-angeli-e-nativita-fr","8":"first","9":"instock","10":"taxable","11":"shipping-taxable","12":"purchasable","13":"product-type-simple"},"_links":{"self":[{"href":"https:\/\/www.sandamiano.store\/store\/wp-json\/wp\/v2\/product\/2705","targetHints":{"allow":["GET"]}}],"collection":[{"href":"https:\/\/www.sandamiano.store\/store\/wp-json\/wp\/v2\/product"}],"about":[{"href":"https:\/\/www.sandamiano.store\/store\/wp-json\/wp\/v2\/types\/product"}],"wp:featuredmedia":[{"embeddable":true,"href":"https:\/\/www.sandamiano.store\/store\/wp-json\/wp\/v2\/media\/2706"}],"wp:attachment":[{"href":"https:\/\/www.sandamiano.store\/store\/wp-json\/wp\/v2\/media?parent=2705"}],"wp:term":[{"taxonomy":"product_brand","embeddable":true,"href":"https:\/\/www.sandamiano.store\/store\/wp-json\/wp\/v2\/product_brand?post=2705"},{"taxonomy":"product_cat","embeddable":true,"href":"https:\/\/www.sandamiano.store\/store\/wp-json\/wp\/v2\/product_cat?post=2705"},{"taxonomy":"product_tag","embeddable":true,"href":"https:\/\/www.sandamiano.store\/store\/wp-json\/wp\/v2\/product_tag?post=2705"}],"curies":[{"name":"wp","href":"https:\/\/api.w.org\/{rel}","templated":true}]}}