{"id":2740,"date":"2021-03-20T10:26:16","date_gmt":"2021-03-20T10:26:16","guid":{"rendered":"https:\/\/www.sandamiano.store\/store\/prodotto\/angelo-vestito-in-azzurro-cm-6\/"},"modified":"2021-03-20T14:36:24","modified_gmt":"2021-03-20T14:36:24","slug":"angelo-vestito-in-azzurro-cm-6","status":"publish","type":"product","link":"https:\/\/www.sandamiano.store\/store\/prodotto\/angelo-vestito-in-azzurro-cm-6\/?lang=fr","title":{"rendered":"Ange priant peinte \u00e0 la main habill\u00e9 en bleu cm 6"},"content":{"rendered":"","protected":false},"excerpt":{"rendered":"<p>Ange habill\u00e9 en bleu.<br \/>\nStatue en r\u00e9sine <strong>peinte \u00e0 la main<\/strong> cm 6<\/p>\n","protected":false},"featured_media":2741,"template":"","meta":{"_monsterinsights_skip_tracking":false,"_monsterinsights_sitenote_active":false,"_monsterinsights_sitenote_note":"","_monsterinsights_sitenote_category":0},"product_brand":[],"product_cat":[59],"product_tag":[],"class_list":{"0":"post-2740","1":"product","2":"type-product","3":"status-publish","4":"has-post-thumbnail","6":"product_cat-angeli-e-nativita-fr","8":"first","9":"instock","10":"taxable","11":"shipping-taxable","12":"purchasable","13":"product-type-simple"},"_links":{"self":[{"href":"https:\/\/www.sandamiano.store\/store\/wp-json\/wp\/v2\/product\/2740","targetHints":{"allow":["GET"]}}],"collection":[{"href":"https:\/\/www.sandamiano.store\/store\/wp-json\/wp\/v2\/product"}],"about":[{"href":"https:\/\/www.sandamiano.store\/store\/wp-json\/wp\/v2\/types\/product"}],"wp:featuredmedia":[{"embeddable":true,"href":"https:\/\/www.sandamiano.store\/store\/wp-json\/wp\/v2\/media\/2741"}],"wp:attachment":[{"href":"https:\/\/www.sandamiano.store\/store\/wp-json\/wp\/v2\/media?parent=2740"}],"wp:term":[{"taxonomy":"product_brand","embeddable":true,"href":"https:\/\/www.sandamiano.store\/store\/wp-json\/wp\/v2\/product_brand?post=2740"},{"taxonomy":"product_cat","embeddable":true,"href":"https:\/\/www.sandamiano.store\/store\/wp-json\/wp\/v2\/product_cat?post=2740"},{"taxonomy":"product_tag","embeddable":true,"href":"https:\/\/www.sandamiano.store\/store\/wp-json\/wp\/v2\/product_tag?post=2740"}],"curies":[{"name":"wp","href":"https:\/\/api.w.org\/{rel}","templated":true}]}}