{"id":2816,"date":"2021-03-20T15:18:42","date_gmt":"2021-03-20T15:18:42","guid":{"rendered":"https:\/\/www.sandamiano.store\/store\/prodotto\/ange-priant-peinte-a-la-main-habille-en-rouge-cm-10\/"},"modified":"2021-03-20T15:20:10","modified_gmt":"2021-03-20T15:20:10","slug":"ange-priant-peinte-a-la-main-habille-en-rouge-cm-10","status":"publish","type":"product","link":"https:\/\/www.sandamiano.store\/store\/prodotto\/ange-priant-peinte-a-la-main-habille-en-rouge-cm-10\/?lang=fr","title":{"rendered":"Ange priant peinte \u00e0 la main habill\u00e9 en rouge cm 10"},"content":{"rendered":"","protected":false},"excerpt":{"rendered":"<p>Ange priant peinte \u00e0 la main habill\u00e9 en rouge.<br \/>\nStatue en r\u00e9sine <strong>peinte \u00e0 la main.<\/strong><\/p>\n","protected":false},"featured_media":2817,"template":"","meta":{"_monsterinsights_skip_tracking":false,"_monsterinsights_sitenote_active":false,"_monsterinsights_sitenote_note":"","_monsterinsights_sitenote_category":0},"product_brand":[],"product_cat":[59],"product_tag":[],"class_list":{"0":"post-2816","1":"product","2":"type-product","3":"status-publish","4":"has-post-thumbnail","6":"product_cat-angeli-e-nativita-fr","8":"first","9":"instock","10":"taxable","11":"shipping-taxable","12":"purchasable","13":"product-type-simple"},"_links":{"self":[{"href":"https:\/\/www.sandamiano.store\/store\/wp-json\/wp\/v2\/product\/2816","targetHints":{"allow":["GET"]}}],"collection":[{"href":"https:\/\/www.sandamiano.store\/store\/wp-json\/wp\/v2\/product"}],"about":[{"href":"https:\/\/www.sandamiano.store\/store\/wp-json\/wp\/v2\/types\/product"}],"wp:featuredmedia":[{"embeddable":true,"href":"https:\/\/www.sandamiano.store\/store\/wp-json\/wp\/v2\/media\/2817"}],"wp:attachment":[{"href":"https:\/\/www.sandamiano.store\/store\/wp-json\/wp\/v2\/media?parent=2816"}],"wp:term":[{"taxonomy":"product_brand","embeddable":true,"href":"https:\/\/www.sandamiano.store\/store\/wp-json\/wp\/v2\/product_brand?post=2816"},{"taxonomy":"product_cat","embeddable":true,"href":"https:\/\/www.sandamiano.store\/store\/wp-json\/wp\/v2\/product_cat?post=2816"},{"taxonomy":"product_tag","embeddable":true,"href":"https:\/\/www.sandamiano.store\/store\/wp-json\/wp\/v2\/product_tag?post=2816"}],"curies":[{"name":"wp","href":"https:\/\/api.w.org\/{rel}","templated":true}]}}