{"id":2831,"date":"2021-03-20T15:50:05","date_gmt":"2021-03-20T15:50:05","guid":{"rendered":"https:\/\/www.sandamiano.store\/store\/prodotto\/ange-musicien-avec-lyre-peinte-a-la-main-et-habille-en-jaune-cm-8-statue-a-pendre-en-resine-peinte-a-la-main-a-pendre-cm-8\/"},"modified":"2021-03-20T15:51:45","modified_gmt":"2021-03-20T15:51:45","slug":"ange-musicien-avec-lyre-peinte-a-la-main-et-habille-en-jaune-cm-8-statue-a-pendre-en-resine-peinte-a-la-main-a-pendre-cm-8","status":"publish","type":"product","link":"https:\/\/www.sandamiano.store\/store\/prodotto\/ange-musicien-avec-lyre-peinte-a-la-main-et-habille-en-jaune-cm-8-statue-a-pendre-en-resine-peinte-a-la-main-a-pendre-cm-8\/?lang=fr","title":{"rendered":"Ange musicien avec lyre, peinte \u00e0 la main et habill\u00e9 en jaune cm 8"},"content":{"rendered":"","protected":false},"excerpt":{"rendered":"<p>Ange musicien avec lyre et habill\u00e9 en jaune cm 8.<br \/>\nStatue \u00e0 pendre.<br \/>\nEn r\u00e9sine <strong>peinte \u00e0 la main<\/strong>, \u00e0 pendre<\/p>\n","protected":false},"featured_media":2832,"template":"","meta":{"_monsterinsights_skip_tracking":false,"_monsterinsights_sitenote_active":false,"_monsterinsights_sitenote_note":"","_monsterinsights_sitenote_category":0},"product_brand":[],"product_cat":[59],"product_tag":[],"class_list":{"0":"post-2831","1":"product","2":"type-product","3":"status-publish","4":"has-post-thumbnail","6":"product_cat-angeli-e-nativita-fr","8":"first","9":"instock","10":"taxable","11":"shipping-taxable","12":"purchasable","13":"product-type-simple"},"_links":{"self":[{"href":"https:\/\/www.sandamiano.store\/store\/wp-json\/wp\/v2\/product\/2831","targetHints":{"allow":["GET"]}}],"collection":[{"href":"https:\/\/www.sandamiano.store\/store\/wp-json\/wp\/v2\/product"}],"about":[{"href":"https:\/\/www.sandamiano.store\/store\/wp-json\/wp\/v2\/types\/product"}],"wp:featuredmedia":[{"embeddable":true,"href":"https:\/\/www.sandamiano.store\/store\/wp-json\/wp\/v2\/media\/2832"}],"wp:attachment":[{"href":"https:\/\/www.sandamiano.store\/store\/wp-json\/wp\/v2\/media?parent=2831"}],"wp:term":[{"taxonomy":"product_brand","embeddable":true,"href":"https:\/\/www.sandamiano.store\/store\/wp-json\/wp\/v2\/product_brand?post=2831"},{"taxonomy":"product_cat","embeddable":true,"href":"https:\/\/www.sandamiano.store\/store\/wp-json\/wp\/v2\/product_cat?post=2831"},{"taxonomy":"product_tag","embeddable":true,"href":"https:\/\/www.sandamiano.store\/store\/wp-json\/wp\/v2\/product_tag?post=2831"}],"curies":[{"name":"wp","href":"https:\/\/api.w.org\/{rel}","templated":true}]}}