{"id":3074,"date":"2019-01-19T16:46:27","date_gmt":"2019-01-19T16:46:27","guid":{"rendered":"https:\/\/www.sandamiano.store\/store\/prodotto\/madonna-delle-rose-cm-60-bianca\/"},"modified":"2019-01-19T16:46:27","modified_gmt":"2019-01-19T16:46:27","slug":"madonna-delle-rose-cm-60-bianca","status":"publish","type":"product","link":"https:\/\/www.sandamiano.store\/store\/prodotto\/madonna-delle-rose-cm-60-bianca\/?lang=fr","title":{"rendered":"Statue blanche Notre Dame des Roses cm 60"},"content":{"rendered":"","protected":false},"excerpt":{"rendered":"<p>Statue blanche Notre Dame des Roses cm 60 r\u00e9alis\u00e9e par un artisan de <strong>Toscane<\/strong> en poudre de <strong>marbre<\/strong> et r\u00e9sine.<br \/>\nPossibilit\u00e9 de la placer \u00e0 l&#8217;int\u00e9rieur comme \u00e0 l&#8217;ext\u00e9rieur<\/p>\n","protected":false},"featured_media":3222,"template":"","meta":{"_monsterinsights_skip_tracking":false,"_monsterinsights_sitenote_active":false,"_monsterinsights_sitenote_note":"","_monsterinsights_sitenote_category":0},"product_brand":[],"product_cat":[58],"product_tag":[],"class_list":{"0":"post-3074","1":"product","2":"type-product","3":"status-publish","4":"has-post-thumbnail","6":"product_cat-statue-fr","8":"first","9":"instock","10":"taxable","11":"shipping-taxable","12":"purchasable","13":"product-type-simple"},"_links":{"self":[{"href":"https:\/\/www.sandamiano.store\/store\/wp-json\/wp\/v2\/product\/3074","targetHints":{"allow":["GET"]}}],"collection":[{"href":"https:\/\/www.sandamiano.store\/store\/wp-json\/wp\/v2\/product"}],"about":[{"href":"https:\/\/www.sandamiano.store\/store\/wp-json\/wp\/v2\/types\/product"}],"wp:featuredmedia":[{"embeddable":true,"href":"https:\/\/www.sandamiano.store\/store\/wp-json\/wp\/v2\/media\/3222"}],"wp:attachment":[{"href":"https:\/\/www.sandamiano.store\/store\/wp-json\/wp\/v2\/media?parent=3074"}],"wp:term":[{"taxonomy":"product_brand","embeddable":true,"href":"https:\/\/www.sandamiano.store\/store\/wp-json\/wp\/v2\/product_brand?post=3074"},{"taxonomy":"product_cat","embeddable":true,"href":"https:\/\/www.sandamiano.store\/store\/wp-json\/wp\/v2\/product_cat?post=3074"},{"taxonomy":"product_tag","embeddable":true,"href":"https:\/\/www.sandamiano.store\/store\/wp-json\/wp\/v2\/product_tag?post=3074"}],"curies":[{"name":"wp","href":"https:\/\/api.w.org\/{rel}","templated":true}]}}