{"id":3094,"date":"2020-04-13T11:14:04","date_gmt":"2020-04-13T11:14:04","guid":{"rendered":"https:\/\/www.sandamiano.store\/store\/prodotto\/madonna-delle-rose-novita-cm-30-bianca-in-polvere-di-marmo-e-resina-anche-per-esterno-made-in-toscany\/"},"modified":"2020-04-13T11:14:04","modified_gmt":"2020-04-13T11:14:04","slug":"madonna-delle-rose-novita-cm-30-bianca-in-polvere-di-marmo-e-resina-anche-per-esterno-made-in-toscany","status":"publish","type":"product","link":"https:\/\/www.sandamiano.store\/store\/prodotto\/madonna-delle-rose-novita-cm-30-bianca-in-polvere-di-marmo-e-resina-anche-per-esterno-made-in-toscany\/?lang=fr","title":{"rendered":"Statue blanche Notre Dame des Roses NOUVEAUTE cm 30"},"content":{"rendered":"","protected":false},"excerpt":{"rendered":"<p>Statue blanche Notre Dame des Roses NOUVEAUTE cm 30 r\u00e9alis\u00e9e par un artisan de <strong>Toscane<\/strong> en poudre de marbre et r\u00e9sine.<br \/>\nPossibilit\u00e9 de la placer \u00e0 l&#8217;int\u00e9rieur comme \u00e0 l&#8217;ext\u00e9rieur<\/p>\n","protected":false},"featured_media":2615,"template":"","meta":{"_monsterinsights_skip_tracking":false,"_monsterinsights_sitenote_active":false,"_monsterinsights_sitenote_note":"","_monsterinsights_sitenote_category":0},"product_brand":[],"product_cat":[58],"product_tag":[],"class_list":{"0":"post-3094","1":"product","2":"type-product","3":"status-publish","4":"has-post-thumbnail","6":"product_cat-statue-fr","8":"first","9":"instock","10":"featured","11":"taxable","12":"shipping-taxable","13":"purchasable","14":"product-type-simple"},"_links":{"self":[{"href":"https:\/\/www.sandamiano.store\/store\/wp-json\/wp\/v2\/product\/3094","targetHints":{"allow":["GET"]}}],"collection":[{"href":"https:\/\/www.sandamiano.store\/store\/wp-json\/wp\/v2\/product"}],"about":[{"href":"https:\/\/www.sandamiano.store\/store\/wp-json\/wp\/v2\/types\/product"}],"wp:featuredmedia":[{"embeddable":true,"href":"https:\/\/www.sandamiano.store\/store\/wp-json\/wp\/v2\/media\/2615"}],"wp:attachment":[{"href":"https:\/\/www.sandamiano.store\/store\/wp-json\/wp\/v2\/media?parent=3094"}],"wp:term":[{"taxonomy":"product_brand","embeddable":true,"href":"https:\/\/www.sandamiano.store\/store\/wp-json\/wp\/v2\/product_brand?post=3094"},{"taxonomy":"product_cat","embeddable":true,"href":"https:\/\/www.sandamiano.store\/store\/wp-json\/wp\/v2\/product_cat?post=3094"},{"taxonomy":"product_tag","embeddable":true,"href":"https:\/\/www.sandamiano.store\/store\/wp-json\/wp\/v2\/product_tag?post=3094"}],"curies":[{"name":"wp","href":"https:\/\/api.w.org\/{rel}","templated":true}]}}