{"id":3100,"date":"2022-01-13T18:41:19","date_gmt":"2022-01-13T18:41:19","guid":{"rendered":"https:\/\/www.sandamiano.store\/store\/?post_type=product&#038;p=3100"},"modified":"2022-01-14T10:54:53","modified_gmt":"2022-01-14T10:54:53","slug":"statue-blanche-notre-dame-des-roses-nouveaute-cm-8-copia","status":"publish","type":"product","link":"https:\/\/www.sandamiano.store\/store\/prodotto\/statue-blanche-notre-dame-des-roses-nouveaute-cm-8-copia\/?lang=fr","title":{"rendered":"Statue color\u00e9e Notre Dame des Roses NOUVEAUTE cm 30"},"content":{"rendered":"","protected":false},"excerpt":{"rendered":"<p><strong>Statue color\u00e9e Notre Dame des Roses NOUVEAUTE cm 30<\/strong><br \/>\nr\u00e9alis\u00e9e par un artisan de Toscane en poudre de <strong>marbre<\/strong> et r\u00e9sine.<br \/>\nPossibilit\u00e9 de la placer \u00e0 l&#8217;int\u00e9rieur comme \u00e0 l&#8217;ext\u00e9rieur.<br \/>\n<strong>Fournie avec certification Made in Toscane<\/strong><\/p>\n","protected":false},"featured_media":3103,"template":"","meta":{"_monsterinsights_skip_tracking":false,"_monsterinsights_sitenote_active":false,"_monsterinsights_sitenote_note":"","_monsterinsights_sitenote_category":0},"product_brand":[],"product_cat":[58],"product_tag":[],"class_list":{"0":"post-3100","1":"product","2":"type-product","3":"status-publish","4":"has-post-thumbnail","6":"product_cat-statue-fr","8":"first","9":"instock","10":"featured","11":"taxable","12":"shipping-taxable","13":"purchasable","14":"product-type-simple"},"_links":{"self":[{"href":"https:\/\/www.sandamiano.store\/store\/wp-json\/wp\/v2\/product\/3100","targetHints":{"allow":["GET"]}}],"collection":[{"href":"https:\/\/www.sandamiano.store\/store\/wp-json\/wp\/v2\/product"}],"about":[{"href":"https:\/\/www.sandamiano.store\/store\/wp-json\/wp\/v2\/types\/product"}],"wp:featuredmedia":[{"embeddable":true,"href":"https:\/\/www.sandamiano.store\/store\/wp-json\/wp\/v2\/media\/3103"}],"wp:attachment":[{"href":"https:\/\/www.sandamiano.store\/store\/wp-json\/wp\/v2\/media?parent=3100"}],"wp:term":[{"taxonomy":"product_brand","embeddable":true,"href":"https:\/\/www.sandamiano.store\/store\/wp-json\/wp\/v2\/product_brand?post=3100"},{"taxonomy":"product_cat","embeddable":true,"href":"https:\/\/www.sandamiano.store\/store\/wp-json\/wp\/v2\/product_cat?post=3100"},{"taxonomy":"product_tag","embeddable":true,"href":"https:\/\/www.sandamiano.store\/store\/wp-json\/wp\/v2\/product_tag?post=3100"}],"curies":[{"name":"wp","href":"https:\/\/api.w.org\/{rel}","templated":true}]}}