{"id":3211,"date":"2019-01-19T16:46:30","date_gmt":"2019-01-19T16:46:30","guid":{"rendered":"https:\/\/www.sandamiano.store\/store\/prodotto\/gesu-misericordioso-cm-20-dipinta-a-mano\/"},"modified":"2022-01-15T18:39:43","modified_gmt":"2022-01-15T18:39:43","slug":"gesu-misericordioso-cm-20-dipinta-a-mano","status":"publish","type":"product","link":"https:\/\/www.sandamiano.store\/store\/prodotto\/gesu-misericordioso-cm-20-dipinta-a-mano\/?lang=fr","title":{"rendered":"Statue J\u00e9sus Mis\u00e9ricordieux cm 30"},"content":{"rendered":"","protected":false},"excerpt":{"rendered":"<p>Statue J\u00e9sus Mis\u00e9ricordieux cm 30<br \/>\npeinte \u00e0 la main en r\u00e9sine<\/p>\n","protected":false},"featured_media":3209,"template":"","meta":{"_monsterinsights_skip_tracking":false,"_monsterinsights_sitenote_active":false,"_monsterinsights_sitenote_note":"","_monsterinsights_sitenote_category":0},"product_brand":[],"product_cat":[58],"product_tag":[],"class_list":{"0":"post-3211","1":"product","2":"type-product","3":"status-publish","4":"has-post-thumbnail","6":"product_cat-statue-fr","8":"first","9":"instock","10":"taxable","11":"shipping-taxable","12":"purchasable","13":"product-type-simple"},"_links":{"self":[{"href":"https:\/\/www.sandamiano.store\/store\/wp-json\/wp\/v2\/product\/3211","targetHints":{"allow":["GET"]}}],"collection":[{"href":"https:\/\/www.sandamiano.store\/store\/wp-json\/wp\/v2\/product"}],"about":[{"href":"https:\/\/www.sandamiano.store\/store\/wp-json\/wp\/v2\/types\/product"}],"wp:featuredmedia":[{"embeddable":true,"href":"https:\/\/www.sandamiano.store\/store\/wp-json\/wp\/v2\/media\/3209"}],"wp:attachment":[{"href":"https:\/\/www.sandamiano.store\/store\/wp-json\/wp\/v2\/media?parent=3211"}],"wp:term":[{"taxonomy":"product_brand","embeddable":true,"href":"https:\/\/www.sandamiano.store\/store\/wp-json\/wp\/v2\/product_brand?post=3211"},{"taxonomy":"product_cat","embeddable":true,"href":"https:\/\/www.sandamiano.store\/store\/wp-json\/wp\/v2\/product_cat?post=3211"},{"taxonomy":"product_tag","embeddable":true,"href":"https:\/\/www.sandamiano.store\/store\/wp-json\/wp\/v2\/product_tag?post=3211"}],"curies":[{"name":"wp","href":"https:\/\/api.w.org\/{rel}","templated":true}]}}