{"id":3268,"date":"2022-01-16T17:55:00","date_gmt":"2022-01-16T17:55:00","guid":{"rendered":"https:\/\/www.sandamiano.store\/store\/?post_type=product&#038;p=3268"},"modified":"2022-01-16T18:04:43","modified_gmt":"2022-01-16T18:04:43","slug":"statue-saint-pere-pio-de-pietralcina-nouveaute-made-in-toscane-cm-12-copia","status":"publish","type":"product","link":"https:\/\/www.sandamiano.store\/store\/prodotto\/statue-saint-pere-pio-de-pietralcina-nouveaute-made-in-toscane-cm-12-copia\/?lang=fr","title":{"rendered":"Statue Saint P\u00e8re Pio de Pietralcina &#8220;NOUVEAUTE&#8221; made in Toscane cm 30"},"content":{"rendered":"","protected":false},"excerpt":{"rendered":"<p>Statue peinte \u00e0 la main, r\u00e9alis\u00e9e par un <strong>artisan de Toscane<\/strong> en poudre de marbre et r\u00e9sine avec la <strong>technique de la coul\u00e9e pleine.<\/strong><br \/>\nFournie avec <strong>certification<\/strong> made in Italie Toscane.<br \/>\nPossibilit\u00e9 de la placer \u00e0 l&#8217;int\u00e9rieur comme \u00e0 l&#8217;ext\u00e9rieur.<\/p>\n","protected":false},"featured_media":3243,"template":"","meta":{"_monsterinsights_skip_tracking":false,"_monsterinsights_sitenote_active":false,"_monsterinsights_sitenote_note":"","_monsterinsights_sitenote_category":0},"product_brand":[],"product_cat":[58],"product_tag":[],"class_list":{"0":"post-3268","1":"product","2":"type-product","3":"status-publish","4":"has-post-thumbnail","6":"product_cat-statue-fr","8":"first","9":"instock","10":"taxable","11":"shipping-taxable","12":"purchasable","13":"product-type-simple"},"_links":{"self":[{"href":"https:\/\/www.sandamiano.store\/store\/wp-json\/wp\/v2\/product\/3268","targetHints":{"allow":["GET"]}}],"collection":[{"href":"https:\/\/www.sandamiano.store\/store\/wp-json\/wp\/v2\/product"}],"about":[{"href":"https:\/\/www.sandamiano.store\/store\/wp-json\/wp\/v2\/types\/product"}],"wp:featuredmedia":[{"embeddable":true,"href":"https:\/\/www.sandamiano.store\/store\/wp-json\/wp\/v2\/media\/3243"}],"wp:attachment":[{"href":"https:\/\/www.sandamiano.store\/store\/wp-json\/wp\/v2\/media?parent=3268"}],"wp:term":[{"taxonomy":"product_brand","embeddable":true,"href":"https:\/\/www.sandamiano.store\/store\/wp-json\/wp\/v2\/product_brand?post=3268"},{"taxonomy":"product_cat","embeddable":true,"href":"https:\/\/www.sandamiano.store\/store\/wp-json\/wp\/v2\/product_cat?post=3268"},{"taxonomy":"product_tag","embeddable":true,"href":"https:\/\/www.sandamiano.store\/store\/wp-json\/wp\/v2\/product_tag?post=3268"}],"curies":[{"name":"wp","href":"https:\/\/api.w.org\/{rel}","templated":true}]}}