{"id":3357,"date":"2022-01-21T18:32:27","date_gmt":"2022-01-21T18:32:27","guid":{"rendered":"https:\/\/www.sandamiano.store\/store\/?post_type=product&#038;p=3357"},"modified":"2022-01-21T18:36:30","modified_gmt":"2022-01-21T18:36:30","slug":"statue-saint-joseph-nouveaute-made-in-toscane-cm-30-copia","status":"publish","type":"product","link":"https:\/\/www.sandamiano.store\/store\/prodotto\/statue-saint-joseph-nouveaute-made-in-toscane-cm-30-copia\/?lang=fr","title":{"rendered":"Statue Saint Joseph &#8220;NOUVEAUTE&#8221; made in Toscane cm15"},"content":{"rendered":"","protected":false},"excerpt":{"rendered":"<p>Statue Saint Joseph color\u00e9e cm 15 &#8220;NOUVEAUTE&#8221;<br \/>\n<strong>Peinte \u00e0 la main<\/strong> r\u00e9alis\u00e9e par un <strong>artisan de Toscane<\/strong>.<br \/>\nEn poudre de <strong>marbre<\/strong> et r\u00e9sine r\u00e9alis\u00e9e avec la technique de la coul\u00e9e pleine.<br \/>\nPossibilit\u00e9 de la placer \u00e0 l&#8217;int\u00e9rieur comme \u00e0 l&#8217;ext\u00e9rieur.<br \/>\nFournie avec certification <strong>Made in Italie Toscane.<\/strong><\/p>\n","protected":false},"featured_media":3337,"template":"","meta":{"_monsterinsights_skip_tracking":false,"_monsterinsights_sitenote_active":false,"_monsterinsights_sitenote_note":"","_monsterinsights_sitenote_category":0},"product_brand":[],"product_cat":[58],"product_tag":[],"class_list":{"0":"post-3357","1":"product","2":"type-product","3":"status-publish","4":"has-post-thumbnail","6":"product_cat-statue-fr","8":"first","9":"instock","10":"featured","11":"taxable","12":"shipping-taxable","13":"purchasable","14":"product-type-simple"},"_links":{"self":[{"href":"https:\/\/www.sandamiano.store\/store\/wp-json\/wp\/v2\/product\/3357","targetHints":{"allow":["GET"]}}],"collection":[{"href":"https:\/\/www.sandamiano.store\/store\/wp-json\/wp\/v2\/product"}],"about":[{"href":"https:\/\/www.sandamiano.store\/store\/wp-json\/wp\/v2\/types\/product"}],"wp:featuredmedia":[{"embeddable":true,"href":"https:\/\/www.sandamiano.store\/store\/wp-json\/wp\/v2\/media\/3337"}],"wp:attachment":[{"href":"https:\/\/www.sandamiano.store\/store\/wp-json\/wp\/v2\/media?parent=3357"}],"wp:term":[{"taxonomy":"product_brand","embeddable":true,"href":"https:\/\/www.sandamiano.store\/store\/wp-json\/wp\/v2\/product_brand?post=3357"},{"taxonomy":"product_cat","embeddable":true,"href":"https:\/\/www.sandamiano.store\/store\/wp-json\/wp\/v2\/product_cat?post=3357"},{"taxonomy":"product_tag","embeddable":true,"href":"https:\/\/www.sandamiano.store\/store\/wp-json\/wp\/v2\/product_tag?post=3357"}],"curies":[{"name":"wp","href":"https:\/\/api.w.org\/{rel}","templated":true}]}}