{"id":3454,"date":"2019-01-19T16:46:46","date_gmt":"2019-01-19T16:46:46","guid":{"rendered":"https:\/\/www.sandamiano.store\/store\/prodotto\/s-teresa-di-gesu-bambino-cm-20\/"},"modified":"2022-01-22T12:07:09","modified_gmt":"2022-01-22T12:07:09","slug":"s-teresa-di-gesu-bambino-cm-20","status":"publish","type":"product","link":"https:\/\/www.sandamiano.store\/store\/prodotto\/s-teresa-di-gesu-bambino-cm-20\/?lang=fr","title":{"rendered":"Statue Sainte Th\u00e9r\u00e8se de l&#8217;Enfant J\u00e9sus de Lisieux &#8220;NOUVEAUTE&#8221; made in Toscane cm 15"},"content":{"rendered":"","protected":false},"excerpt":{"rendered":"<p><strong>Peinte \u00e0 la main<\/strong>\u00a0r\u00e9alis\u00e9e par un\u00a0<strong>artisan de Toscane<\/strong>.<br \/>\nEn poudre de\u00a0<strong>marbre<\/strong>\u00a0et r\u00e9sine r\u00e9alis\u00e9e avec la technique de la coul\u00e9e pleine.<br \/>\nPossibilit\u00e9 de la placer \u00e0 l\u2019int\u00e9rieur comme \u00e0 l\u2019ext\u00e9rieur.<br \/>\nFournie avec certification\u00a0<strong>Made in Italie Toscane.<\/strong><\/p>\n","protected":false},"featured_media":3435,"template":"","meta":{"_monsterinsights_skip_tracking":false,"_monsterinsights_sitenote_active":false,"_monsterinsights_sitenote_note":"","_monsterinsights_sitenote_category":0},"product_brand":[],"product_cat":[58],"product_tag":[],"class_list":{"0":"post-3454","1":"product","2":"type-product","3":"status-publish","4":"has-post-thumbnail","6":"product_cat-statue-fr","8":"first","9":"instock","10":"taxable","11":"shipping-taxable","12":"purchasable","13":"product-type-simple"},"_links":{"self":[{"href":"https:\/\/www.sandamiano.store\/store\/wp-json\/wp\/v2\/product\/3454","targetHints":{"allow":["GET"]}}],"collection":[{"href":"https:\/\/www.sandamiano.store\/store\/wp-json\/wp\/v2\/product"}],"about":[{"href":"https:\/\/www.sandamiano.store\/store\/wp-json\/wp\/v2\/types\/product"}],"wp:featuredmedia":[{"embeddable":true,"href":"https:\/\/www.sandamiano.store\/store\/wp-json\/wp\/v2\/media\/3435"}],"wp:attachment":[{"href":"https:\/\/www.sandamiano.store\/store\/wp-json\/wp\/v2\/media?parent=3454"}],"wp:term":[{"taxonomy":"product_brand","embeddable":true,"href":"https:\/\/www.sandamiano.store\/store\/wp-json\/wp\/v2\/product_brand?post=3454"},{"taxonomy":"product_cat","embeddable":true,"href":"https:\/\/www.sandamiano.store\/store\/wp-json\/wp\/v2\/product_cat?post=3454"},{"taxonomy":"product_tag","embeddable":true,"href":"https:\/\/www.sandamiano.store\/store\/wp-json\/wp\/v2\/product_tag?post=3454"}],"curies":[{"name":"wp","href":"https:\/\/api.w.org\/{rel}","templated":true}]}}