{"id":3611,"date":"2019-01-19T16:46:47","date_gmt":"2019-01-19T16:46:47","guid":{"rendered":"https:\/\/www.sandamiano.store\/store\/prodotto\/madonna-lourdes-colorata-e-fluo-cm-20\/"},"modified":"2022-01-23T13:46:15","modified_gmt":"2022-01-23T13:46:15","slug":"madonna-lourdes-colorata-e-fluo-cm-20","status":"publish","type":"product","link":"https:\/\/www.sandamiano.store\/store\/prodotto\/madonna-lourdes-colorata-e-fluo-cm-20\/?lang=fr","title":{"rendered":"Statue Notre Dame de Lourdes color\u00e9e avec manteau phosphorescente made in Toscane cm 20"},"content":{"rendered":"","protected":false},"excerpt":{"rendered":"<p>Statue Notre Dame de Lourdes\u00a0 color\u00e9e cm 20 peinte \u00e0 la main r\u00e9alis\u00e9e par un <strong>artisan de Toscane<\/strong>.<br \/>\nPossibilit\u00e9 de la placer \u00e0 l\u2019int\u00e9rieur comme \u00e0 l\u2019ext\u00e9rieur.<\/p>\n","protected":false},"featured_media":3612,"template":"","meta":{"_monsterinsights_skip_tracking":false,"_monsterinsights_sitenote_active":false,"_monsterinsights_sitenote_note":"","_monsterinsights_sitenote_category":0},"product_brand":[],"product_cat":[58],"product_tag":[],"class_list":{"0":"post-3611","1":"product","2":"type-product","3":"status-publish","4":"has-post-thumbnail","6":"product_cat-statue-fr","8":"first","9":"instock","10":"taxable","11":"shipping-taxable","12":"purchasable","13":"product-type-simple"},"_links":{"self":[{"href":"https:\/\/www.sandamiano.store\/store\/wp-json\/wp\/v2\/product\/3611","targetHints":{"allow":["GET"]}}],"collection":[{"href":"https:\/\/www.sandamiano.store\/store\/wp-json\/wp\/v2\/product"}],"about":[{"href":"https:\/\/www.sandamiano.store\/store\/wp-json\/wp\/v2\/types\/product"}],"wp:featuredmedia":[{"embeddable":true,"href":"https:\/\/www.sandamiano.store\/store\/wp-json\/wp\/v2\/media\/3612"}],"wp:attachment":[{"href":"https:\/\/www.sandamiano.store\/store\/wp-json\/wp\/v2\/media?parent=3611"}],"wp:term":[{"taxonomy":"product_brand","embeddable":true,"href":"https:\/\/www.sandamiano.store\/store\/wp-json\/wp\/v2\/product_brand?post=3611"},{"taxonomy":"product_cat","embeddable":true,"href":"https:\/\/www.sandamiano.store\/store\/wp-json\/wp\/v2\/product_cat?post=3611"},{"taxonomy":"product_tag","embeddable":true,"href":"https:\/\/www.sandamiano.store\/store\/wp-json\/wp\/v2\/product_tag?post=3611"}],"curies":[{"name":"wp","href":"https:\/\/api.w.org\/{rel}","templated":true}]}}